{"id":45,"date":"2017-07-04T15:36:06","date_gmt":"2017-07-04T15:36:06","guid":{"rendered":"http:\/\/erikersara.nu\/?page_id=45"},"modified":"2017-07-04T16:11:47","modified_gmt":"2017-07-04T16:11:47","slug":"slakttrad","status":"publish","type":"page","link":"https:\/\/erikersara.nu\/?page_id=45","title":{"rendered":"Sl\u00e4kttr\u00e4d"},"content":{"rendered":"<p><img loading=\"lazy\" decoding=\"async\" class=\"alignnone wp-image-46 size-full\" src=\"http:\/\/erikersara.nu\/wp-content\/uploads\/2017\/07\/slakttrad.jpg\" alt=\"\" width=\"662\" height=\"924\" srcset=\"https:\/\/erikersara.nu\/wp-content\/uploads\/2017\/07\/slakttrad.jpg 662w, https:\/\/erikersara.nu\/wp-content\/uploads\/2017\/07\/slakttrad-215x300.jpg 215w\" sizes=\"auto, (max-width: 662px) 100vw, 662px\" \/>Sl\u00e4kttr\u00e4det \u00e4r ritat av Daniel Lundstr\u00f6m<\/p>\n","protected":false},"excerpt":{"rendered":"<p>Sl\u00e4kttr\u00e4det \u00e4r ritat av Daniel Lundstr\u00f6m<\/p>\n","protected":false},"author":2,"featured_media":0,"parent":0,"menu_order":1,"comment_status":"closed","ping_status":"closed","template":"","meta":{"ngg_post_thumbnail":0,"footnotes":""},"class_list":["post-45","page","type-page","status-publish","hentry"],"_links":{"self":[{"href":"https:\/\/erikersara.nu\/index.php?rest_route=\/wp\/v2\/pages\/45","targetHints":{"allow":["GET"]}}],"collection":[{"href":"https:\/\/erikersara.nu\/index.php?rest_route=\/wp\/v2\/pages"}],"about":[{"href":"https:\/\/erikersara.nu\/index.php?rest_route=\/wp\/v2\/types\/page"}],"author":[{"embeddable":true,"href":"https:\/\/erikersara.nu\/index.php?rest_route=\/wp\/v2\/users\/2"}],"replies":[{"embeddable":true,"href":"https:\/\/erikersara.nu\/index.php?rest_route=%2Fwp%2Fv2%2Fcomments&post=45"}],"version-history":[{"count":4,"href":"https:\/\/erikersara.nu\/index.php?rest_route=\/wp\/v2\/pages\/45\/revisions"}],"predecessor-version":[{"id":50,"href":"https:\/\/erikersara.nu\/index.php?rest_route=\/wp\/v2\/pages\/45\/revisions\/50"}],"wp:attachment":[{"href":"https:\/\/erikersara.nu\/index.php?rest_route=%2Fwp%2Fv2%2Fmedia&parent=45"}],"curies":[{"name":"wp","href":"https:\/\/api.w.org\/{rel}","templated":true}]}}