{"id":13,"date":"2007-02-05T15:40:09","date_gmt":"2007-02-05T15:40:09","guid":{"rendered":"http:\/\/erikersara.nu\/?page_id=13"},"modified":"2017-06-20T11:07:58","modified_gmt":"2017-06-20T11:07:58","slug":"historia","status":"publish","type":"page","link":"https:\/\/erikersara.nu\/?page_id=13","title":{"rendered":"Historia"},"content":{"rendered":"<p>Mammas syskon med familjer har alltid uppskattad att tr\u00e4ffas vid olika\u00a0tillf\u00e4llen. Eftersom de var m\u00e5nga syskon s\u00e5 blev det m\u00e5nga kalas. Som\u00a0barn s\u00e5 upplevde och tyckte vi att det alltid var trevliga m\u00f6ten. Det var\u00a0alltid stor g\u00e4stfrihet. Goda och m\u00e5nga bakverk samt god mat var det man minns, men framf\u00f6r allt en mycket trevlig st\u00e4mning. Det var alltid mycket skratt och det gjorde att vi s\u00e5g fram mot alla tr\u00e4ffar. De flesta tr\u00e4ffarna skedde i och omkring Lycksele d\u00e4r de flesta syskonen med familjer bodde. F\u00f6r att h\u00e5lla ontakten \u00e4ven med de syskon som bodde utanf\u00f6r Lycksele ordnas &#8220;stortr\u00e4ffar&#8221;. F\u00f6rutom tr\u00e4ffar i Knaften s\u00e5 har vi haft som jag minns ett antal tr\u00e4ffar i Ostvik utanf\u00f6r S\u00e4var, Tavelsj\u00f6 och J\u00f6rn. Som barn s\u00e5 var det alltid v\u00e4ldigt sp\u00e4nnande att \u00e5ka till dessa tr\u00e4ffar.<\/p>\n<p>Antalet levande syskon till mamma Elna minskade och kontakten mellan mina kusiner blev av den anledningen mindre. Tillsammans med mina br\u00f6der (Roger och Sven-Eric) tyckte vi att vi skulle ordna en sl\u00e4kttr\u00e4ff f\u00f6r vi tyckte det var viktigt att h\u00e5lla kontakt med Erikersara. Vi tyckte ocks\u00e5 att det var naturligt att det skulle vara i Knaften. Sl\u00e4ktr\u00e4ffen genomf\u00f6rdes och den blev mycket trevlig. I samband med avslutningen av tr\u00e4ffen s\u00e5 tyckte alla att det var viktigt att uppeh\u00e5lla kontakten mellan Erikersara och det har det nu varit under m\u00e5nga \u00e5r. Jag tror att sl\u00e4ktr\u00e4ffar har genomf\u00f6rts var tredje \u00e5r i ca 25 \u00e5r med undantag av att det vid ett tillf\u00e4lle blev ett mellanrum p\u00e5 fyra \u00e5r. Nya generationer Erikersara har tillkommit och jag tror att \u00e4ven de tycker att dessa tr\u00e4ffar har en viktig funktion. F\u00f6rutom att allm\u00e4nt umg\u00e5s s\u00e5 tror jag att &#8220;Erikersandan&#8221; best\u00e5r.<br \/>\nL\u00e4ttsamt och otvunget umg\u00e4nge, n\u00e4ra till sk\u00e4mt och skratt mellan generationer finns kvar i dessa tr\u00e4ffar s\u00e5som jag minns som barn.<\/p>\n<p>John-Gunnar<\/p>\n","protected":false},"excerpt":{"rendered":"<p>Mammas syskon med familjer har alltid uppskattad att tr\u00e4ffas vid olika\u00a0tillf\u00e4llen. Eftersom de var m\u00e5nga syskon s\u00e5 blev det m\u00e5nga kalas. Som\u00a0barn s\u00e5 upplevde och tyckte vi att det alltid var trevliga m\u00f6ten. Det var\u00a0alltid stor g\u00e4stfrihet. Goda och m\u00e5nga bakverk samt god mat var det man minns, men framf\u00f6r allt en mycket trevlig st\u00e4mning. &hellip; <\/p>\n<p class=\"link-more\"><a href=\"https:\/\/erikersara.nu\/?page_id=13\" class=\"more-link\">Continue reading<span class=\"screen-reader-text\"> &#8220;Historia&#8221;<\/span><\/a><\/p>\n","protected":false},"author":1,"featured_media":0,"parent":0,"menu_order":0,"comment_status":"closed","ping_status":"closed","template":"","meta":{"ngg_post_thumbnail":0,"footnotes":""},"class_list":["post-13","page","type-page","status-publish","hentry"],"_links":{"self":[{"href":"https:\/\/erikersara.nu\/index.php?rest_route=\/wp\/v2\/pages\/13","targetHints":{"allow":["GET"]}}],"collection":[{"href":"https:\/\/erikersara.nu\/index.php?rest_route=\/wp\/v2\/pages"}],"about":[{"href":"https:\/\/erikersara.nu\/index.php?rest_route=\/wp\/v2\/types\/page"}],"author":[{"embeddable":true,"href":"https:\/\/erikersara.nu\/index.php?rest_route=\/wp\/v2\/users\/1"}],"replies":[{"embeddable":true,"href":"https:\/\/erikersara.nu\/index.php?rest_route=%2Fwp%2Fv2%2Fcomments&post=13"}],"version-history":[{"count":5,"href":"https:\/\/erikersara.nu\/index.php?rest_route=\/wp\/v2\/pages\/13\/revisions"}],"predecessor-version":[{"id":29,"href":"https:\/\/erikersara.nu\/index.php?rest_route=\/wp\/v2\/pages\/13\/revisions\/29"}],"wp:attachment":[{"href":"https:\/\/erikersara.nu\/index.php?rest_route=%2Fwp%2Fv2%2Fmedia&parent=13"}],"curies":[{"name":"wp","href":"https:\/\/api.w.org\/{rel}","templated":true}]}}